{"id":23,"date":"2023-04-17T18:35:41","date_gmt":"2023-04-17T15:35:41","guid":{"rendered":"https:\/\/www.zidebine.ro\/poftadesanatate\/?page_id=23"},"modified":"2023-04-22T00:54:02","modified_gmt":"2023-04-21T21:54:02","slug":"mecanism-si-sistem-de-punctaj","status":"publish","type":"page","link":"https:\/\/www.zidebine.ro\/poftadesanatate\/mecanism-si-sistem-de-punctaj\/","title":{"rendered":"Mecanism \u015fi sistem de punctaj"},"content":{"rendered":"<section class=\"l-section wpb_row height_huge with_img\"><div class=\"l-section-img\" data-img-width=\"1920\" data-img-height=\"1080\" style=\"background-image: url(https:\/\/www.zidebine.ro\/poftadesanatate\/wp-content\/uploads\/2023\/04\/header_running-1.jpg);background-repeat: no-repeat;\"><\/div><div class=\"l-section-overlay\" style=\"background:rgba(0,0,0,0.65)\"><\/div><div class=\"l-section-h i-cf\"><div class=\"g-cols vc_row via_flex valign_top type_default stacking_default\"><div class=\"vc_col-sm-12 wpb_column vc_column_container\"><div class=\"vc_column-inner\"><div class=\"wpb_wrapper\"><div class=\"wpb_text_column us_custom_d44d8758 has_text_color\"><div class=\"wpb_wrapper\"><h1>Mecanism \u015fi sistem de punctaj<\/h1>\n<\/div><\/div><\/div><\/div><\/div><\/div><\/div><\/section><section class=\"l-section wpb_row us_custom_d9580ef9 height_large\"><div class=\"l-section-h i-cf\"><div class=\"g-cols vc_row via_flex valign_top type_default stacking_default\"><div class=\"vc_col-sm-12 wpb_column vc_column_container\"><div class=\"vc_column-inner\"><div class=\"wpb_wrapper\"><div class=\"wpb_text_column\"><div class=\"wpb_wrapper\"><h4>Regulament<\/h4>\n<p>1. Participan\u021bii<strong> trebuie s\u0103 urm\u0103reasc\u0103 pagina de Instagram Zi de Bine (@asociatiazdb)<\/strong> pentru a lua parte \u00een probele digitale ale antrenamentului.<\/p>\n<p>2. Pentru probele sportive, <strong>participan\u021bii trebuie s\u0103 \u00ee\u0219i creeze un cont pe aplica\u021bia Strava<\/strong> cu numele \u015fi prenumele reale \u0219i s\u0103 adere la grupul \u0219colii din care face parte. Grupurile pe Strava vor fi transmise la Kick-Off, pe 22 aprilie 2023.<\/p>\n<p>3. Participan\u021bii <strong>trebuie s\u0103 poarte tricourile primite \u00een cadrul \u00eent\u00e2lnirilor live<\/strong>.<\/p>\n<p>4. \u00cen urma probelor, at\u00e2t fizice, c\u00e2t \u0219i online,<strong> punctajul va fi determinat astfel<\/strong>:<\/p>\n<ul>\n<li><strong>Locul 1 prime\u0219te 10 puncte;<\/strong><\/li>\n<li><strong>Locul 2 prime\u0219te 8 puncte;<\/strong><\/li>\n<li><strong>Locul 3 prime\u0219te 6 puncte;<\/strong><\/li>\n<li><strong>Locul 4 prime\u0219te 4 puncte;<\/strong><\/li>\n<li><strong>Locul 5 prime\u0219te 2 puncte.<\/strong><\/li>\n<\/ul>\n<p>5. <strong>Punctajul este influen\u021bat de prezen\u021ba la activit\u0103\u021bi <\/strong>pentru a \u00eencuraja o participare c\u00e2t mai mare a elevilor. Astfel, conform tabelului de mai jos:<\/p>\n<ul>\n<li>Nicio penalizare din punctajul ob\u021binut pentru prezen\u021b\u0103 \u00eentre 90 &#8211; 100%;<\/li>\n<li>10% penalizare din punctajul ob\u021binut pentru prezen\u021b\u0103 \u00eentre 80 &#8211; 89.99%;<\/li>\n<li>20% penalizare din punctajul ob\u021binut pentru prezen\u021b\u0103 \u00eentre 70 &#8211; 79.99%;<\/li>\n<li>30% penalizare din punctajul ob\u021binut pentru prezen\u021b\u0103 \u00eentre 60 &#8211; 69.99%;<\/li>\n<li>100% penalizare (punctaj 0) dac\u0103 prezen\u021ba a fost mai mic\u0103 de 60% (\u00eentre 0 &#8211; 59.99%).<\/li>\n<\/ul>\n<\/div><\/div><div class=\"w-separator size_custom\" style=\"height:2rem\"><\/div><div class=\"w-btn-wrapper align_none\"><a class=\"w-btn us-btn-style_1\" target=\"_blank\" href=\"https:\/\/www.zidebine.ro\/poftadesanatate\/wp-content\/uploads\/2023\/04\/Regulament_Pofta-de-sanatate.pdf\" rel=\"noopener\"><span class=\"w-btn-label\">Descarc\u0103 regulamentul<\/span><\/a><\/div><\/div><\/div><\/div><\/div><\/div><\/section><section class=\"l-section wpb_row us_custom_d9580ef9 height_large\"><div class=\"l-section-h i-cf\"><div class=\"g-cols vc_row via_flex valign_top type_default stacking_default\"><div class=\"vc_col-sm-12 wpb_column vc_column_container\"><div class=\"vc_column-inner\"><div class=\"wpb_wrapper\"><div class=\"wpb_text_column\"><div class=\"wpb_wrapper\"><h4>Kick-off<\/h4>\n<p>Formula de calcul a punctajului este (timp finish participant 1 + timp finish participant 2 + \u2026\u2026\u2026 + timp finish participant X) \/ num\u0103r total participan\u021bi din \u0219coal\u0103. Timpul mediu de finish al fiec\u0103rei \u0219coli va fi comparat pentru a ob\u021bine un clasament \u00een baza c\u0103ruia se vor acorda punctajele<\/p>\n<p>Starturile se vor da concomitent pentru to\u021bi participan\u021bii (maximum 3 participan\u021bi din \u0219coli diferite \u00een acela\u0219i timp). Aceste starturi se vor da din 2 \u00een 2 minute \u0219i se consider\u0103 finish al participantului momentul \u00een care acesta ajunge la punctul final al traseului (exemplu: dac\u0103 timpul de finish este de 100 de secunde, acesta este timpul final. Dac\u0103 timpul de finish dep\u0103\u0219e\u0219te 120 de secunde, \u00een clasamentul final va figura cu 120 de secunde &#8211; timpul maximum).<\/p>\n<\/div><\/div><\/div><\/div><\/div><\/div><\/div><\/section><!-- Row Backgrounds --><div class=\"upb_color\" data-bg-override=\"0\" data-bg-color=\"#e4f8ff\" data-fadeout=\"\" data-fadeout-percentage=\"30\" data-parallax-content=\"\" data-parallax-content-sense=\"30\" data-row-effect-mobile-disable=\"true\" data-img-parallax-mobile-disable=\"true\" data-rtl=\"false\"  data-custom-vc-row=\"\"  data-vc=\"6.10.0\"  data-is_old_vc=\"\"  data-theme-support=\"\"   data-overlay=\"false\" data-overlay-color=\"\" data-overlay-pattern=\"\" data-overlay-pattern-opacity=\"\" data-overlay-pattern-size=\"\"    ><\/div><section class=\"l-section wpb_row us_custom_d9580ef9 height_large\"><div class=\"l-section-h i-cf\"><div class=\"g-cols vc_row via_flex valign_top type_default stacking_default\"><div class=\"vc_col-sm-12 wpb_column vc_column_container\"><div class=\"vc_column-inner\"><div class=\"wpb_wrapper\"><div class=\"wpb_text_column\"><div class=\"wpb_wrapper\"><h4>Mi\u0219care cu Radu Restivan<\/h4>\n<\/div><\/div><div class=\"w-separator size_custom\" style=\"height:2rem\"><\/div><div class=\"g-cols wpb_row via_flex valign_top type_default stacking_default\"><div class=\"vc_col-sm-6 wpb_column vc_column_container\"><div class=\"vc_column-inner\"><div class=\"wpb_wrapper\"><div class=\"w-vwrapper us_custom_d8c1f8e5 align_none valign_top\"><div class=\"wpb_text_column\"><div class=\"wpb_wrapper\"><h6>Probe LIVE<\/h6>\n<p><strong>Timpul individual de alergare va fi adunat \u0219i \u00eemp\u0103r\u021bit la num\u0103rul de membri ai echipei, gener\u00e2nd o medie \u0219i, implicit, va contribui la punctajul echipei. <\/strong><\/p>\n<p><strong>Prezen\u021ba este esen\u021bial\u0103<\/strong> la acest antrenament. Dac\u0103 echipele au o prezen\u021b\u0103 mai mic\u0103 de 60% la proba de sport, nu li se vor mai acorda puncte.<\/p>\n<\/div><\/div><div class=\"w-separator size_custom\" style=\"height:122px\" id=\"ya27\"><style>@media(max-width:1024px){ #ya27{height:0!important}}@media(max-width:600px){ #ya27{height:0!important}}<\/style><\/div><\/div><\/div><\/div><\/div><div class=\"vc_col-sm-6 wpb_column vc_column_container\"><div class=\"vc_column-inner\"><div class=\"wpb_wrapper\"><div class=\"w-vwrapper us_custom_d8c1f8e5 align_none valign_top\"><div class=\"wpb_text_column\"><div class=\"wpb_wrapper\"><h6>Probe ONLINE<\/h6>\n<p>Punctele vor fi alocate<strong> \u00een func\u021bie de media kilometrilor parcur\u0219i de fiecare \u0219coal\u0103 pe grupul de Strava. <\/strong>Echipa cu cele mai multe puncte la finalul antrenamentului va c\u00e2\u0219tiga etapa de sport.<\/p>\n<p>Duminic\u0103 seara, ora 22:00, se str\u00e2nge num\u0103rul de kilometri parcur\u0219i de pe fiecare club de Strava al \u0219colii. Acesta va fi \u00eemp\u0103r\u021bit la num\u0103rul de participan\u021bi pentru a determina o distan\u021b\u0103 s\u0103pt\u0103m\u00e2nal\u0103 medie a \u0219colii.<\/p>\n<p>Valoarea cea mai mare de la num\u0103rul de kilometraj, decide c\u00e2\u0219tig\u0103torul s\u0103pt\u0103m\u00e2nii la kilometri.<\/p>\n<\/div><\/div><\/div><\/div><\/div><\/div><\/div><\/div><\/div><\/div><\/div><\/div><\/section><section class=\"l-section wpb_row us_custom_d9580ef9 height_large\"><div class=\"l-section-h i-cf\"><div class=\"g-cols vc_row via_flex valign_top type_default stacking_default\"><div class=\"vc_col-sm-12 wpb_column vc_column_container\"><div class=\"vc_column-inner\"><div class=\"wpb_wrapper\"><div class=\"wpb_text_column\"><div class=\"wpb_wrapper\"><h4>G\u0103tit cu Liviu Lambrino<\/h4>\n<\/div><\/div><div class=\"w-separator size_custom\" style=\"height:2rem\"><\/div><div class=\"g-cols wpb_row via_flex valign_top type_default stacking_default\"><div class=\"vc_col-sm-6 wpb_column vc_column_container\"><div class=\"vc_column-inner\"><div class=\"wpb_wrapper\"><div class=\"w-vwrapper us_custom_d8c1f8e5 align_none valign_top\"><div class=\"wpb_text_column\"><div class=\"wpb_wrapper\"><h6>Probe LIVE<\/h6>\n<p>Farfuriile lor vor fi<strong> judecate de chef Liviu Lambrino.<\/strong> Fiecare farfurie va <strong>\u00eencepe de la 100 de puncte \u015fi se vor sc\u0103dea puncte \u00een func\u021bie de gre\u015feli<\/strong>. Punctele echipei vor fi calculate f\u0103c\u00e2ndu-se o medie a farfuriilor individuale.<\/p>\n<p><strong>*Prezen\u021ba este esen\u021bial\u0103 la aceste ateliere de g\u0103tit<\/strong>, a\u0219a c\u0103 prezen\u021ba complet\u0103 a echipei este necesar\u0103 la sesiunile live de g\u0103tit. Se vor sc\u0103dea puncte pentru absen\u021be.<\/p>\n<\/div><\/div><div class=\"w-separator size_custom\" style=\"height:142px\" id=\"z6dd\"><style>@media(max-width:1024px){ #z6dd{height:0!important}}@media(max-width:600px){ #z6dd{height:0!important}}<\/style><\/div><\/div><\/div><\/div><\/div><div class=\"vc_col-sm-6 wpb_column vc_column_container\"><div class=\"vc_column-inner\"><div class=\"wpb_wrapper\"><div class=\"w-vwrapper us_custom_d8c1f8e5 align_none valign_top\"><div class=\"wpb_text_column\"><div class=\"wpb_wrapper\"><h6>Probe ONLINE<\/h6>\n<p>Participan\u021bii au 24 de ore s\u0103 r\u0103spund\u0103 la provocare.<\/p>\n<p>\u00cen postare trebuie s\u0103 fie ad\u0103ugate:<\/p>\n<ul>\n<li>tag @asociatizdb;<\/li>\n<li>hashtag-urile competi\u021biei (#antrenamentdeBINE, #ZideBINE, #EdenRed);<\/li>\n<li>hashtag cu numele liceului ( #MirceaEliade, #Viilor, #DumitruMotoc, #MateiBasarab, #GheorgheAirinei), pentru a primi puncte.<\/li>\n<\/ul>\n<p>Dac\u0103 participan\u021bii nu r\u0103spund la provocare \u00een timp util, nu vor primi puncte.<\/p>\n<\/div><\/div><\/div><\/div><\/div><\/div><\/div><\/div><\/div><\/div><\/div><\/div><\/section><!-- Row Backgrounds --><div class=\"upb_color\" data-bg-override=\"0\" data-bg-color=\"#e4f8ff\" data-fadeout=\"\" data-fadeout-percentage=\"30\" data-parallax-content=\"\" data-parallax-content-sense=\"30\" data-row-effect-mobile-disable=\"true\" data-img-parallax-mobile-disable=\"true\" data-rtl=\"false\"  data-custom-vc-row=\"\"  data-vc=\"6.10.0\"  data-is_old_vc=\"\"  data-theme-support=\"\"   data-overlay=\"false\" data-overlay-color=\"\" data-overlay-pattern=\"\" data-overlay-pattern-opacity=\"\" data-overlay-pattern-size=\"\"    ><\/div><section class=\"l-section wpb_row us_custom_d9580ef9 height_large\"><div class=\"l-section-h i-cf\"><div class=\"g-cols vc_row via_flex valign_top type_default stacking_default\"><div class=\"vc_col-sm-12 wpb_column vc_column_container\"><div class=\"vc_column-inner\"><div class=\"wpb_wrapper\"><div class=\"wpb_text_column\"><div class=\"wpb_wrapper\"><h4>Nutri\u021bie cu Diana Voican<\/h4>\n<\/div><\/div><div class=\"w-separator size_custom\" style=\"height:2rem\"><\/div><div class=\"g-cols wpb_row via_flex valign_top type_default stacking_default\"><div class=\"vc_col-sm-6 wpb_column vc_column_container\"><div class=\"vc_column-inner\"><div class=\"wpb_wrapper\"><div class=\"w-vwrapper us_custom_d8c1f8e5 align_none valign_top\"><div class=\"wpb_text_column\"><div class=\"wpb_wrapper\"><h6>Probe ONLINE<\/h6>\n<p>\u00cen partea de nutri\u021bie a antrenamentului,<strong> punctele vor fi alocate doar prin probele virtuale. <\/strong><\/p>\n<p>Fiecare liceu va avea<strong> slide-uri desemnate pe story<\/strong> unde membrii echipei vor avea 24 de ore s\u0103 r\u0103spund\u0103 la \u00eentreb\u0103rile despre nutri\u021bie date de Diana.<\/p>\n<p>Dac\u0103 elevii nu r\u0103spund la \u00eentreb\u0103rile de pe story, sau r\u0103spund la \u00eentreb\u0103rile altor licee, nu vor primi puncte. <strong>Fiecare \u00eentrebare valoreaz\u0103 20 de puncte.<\/strong><\/p>\n<\/div><\/div><\/div><\/div><\/div><\/div><div class=\"vc_col-sm-6 wpb_column vc_column_container\"><div class=\"vc_column-inner\"><div class=\"wpb_wrapper\"><\/div><\/div><\/div><\/div><\/div><\/div><\/div><\/div><\/div><\/section><section class=\"l-section wpb_row us_custom_d9580ef9 height_large\"><div class=\"l-section-h i-cf\"><div class=\"g-cols vc_row via_flex valign_top type_default stacking_default\"><div class=\"vc_col-sm-12 wpb_column vc_column_container\"><div class=\"vc_column-inner\"><div class=\"wpb_wrapper\"><div class=\"wpb_text_column\"><div class=\"wpb_wrapper\"><h4>Educa\u021bie Emo\u021bional\u0103 cu Ancu\u021ba Coman-Boldi\u0219teanu<\/h4>\n<p>\u00cen partea de coaching emo\u021bional, punctele vor fi alocate doar pentru prezen\u021b\u0103, conform tabelului de la punctul 6.<\/p>\n<\/div><\/div><\/div><\/div><\/div><\/div><\/div><\/section><!-- Row Backgrounds --><div class=\"upb_color\" data-bg-override=\"0\" data-bg-color=\"#e4f8ff\" data-fadeout=\"\" data-fadeout-percentage=\"30\" data-parallax-content=\"\" data-parallax-content-sense=\"30\" data-row-effect-mobile-disable=\"true\" data-img-parallax-mobile-disable=\"true\" data-rtl=\"false\"  data-custom-vc-row=\"\"  data-vc=\"6.10.0\"  data-is_old_vc=\"\"  data-theme-support=\"\"   data-overlay=\"false\" data-overlay-color=\"\" data-overlay-pattern=\"\" data-overlay-pattern-opacity=\"\" data-overlay-pattern-size=\"\"    ><\/div><section class=\"l-section wpb_row us_custom_d9580ef9 height_large\"><div class=\"l-section-h i-cf\"><div class=\"g-cols vc_row via_flex valign_top type_default stacking_default\"><div class=\"vc_col-sm-12 wpb_column vc_column_container\"><div class=\"vc_column-inner\"><div class=\"wpb_wrapper\"><div class=\"wpb_text_column\"><div class=\"wpb_wrapper\"><h4>Marea Final\u0103<\/h4>\n<p>\u00cen marea final\u0103,<strong> participan\u021bii vor parcurge cursa cu obstacole din nou \u0219i timpul mediu al echipelor va fi comparat cu cel ob\u021binut la Kick-Off.<\/strong> Echipa cu timpul cel mai \u00eembun\u0103t\u0103\u021bit va c\u00e2\u0219tiga aceast\u0103 prob\u0103.<\/p>\n<p>Proba final\u0103 de Nutri\u021bie va consta \u00eentr-un<strong> quiz live<\/strong>, \u00een care punctele vor fi acordate \u00een func\u021bie de num\u0103rul de r\u0103spunsuri corecte.<\/p>\n<p>Pentru proba final\u0103 de g\u0103tit, <strong>participan\u021bii vor g\u0103ti o mas\u0103 echilibrat\u0103 <\/strong>cu ingredientele dintr-un<strong> mystery box<\/strong>, urm\u0103rindu-se acela\u0219i sistem de punctare ca la probele live de g\u0103tit.<\/p>\n<p>Nu va exista prob\u0103 final\u0103 la Educa\u021bie Emo\u021bional\u0103.<\/p>\n<p>La finalul competi\u021biei, participan\u021bii vor completa <strong>un chestionar de \u00eencheiere <\/strong>\u00een Google forms \u0219i vor primi puncte pentru chestionarele finalizate.<\/p>\n<\/div><\/div><\/div><\/div><\/div><\/div><\/div><\/section>\n","protected":false},"excerpt":{"rendered":"Mecanism \u015fi sistem de punctaj Regulament 1. Participan\u021bii trebuie s\u0103 urm\u0103reasc\u0103 pagina de Instagram Zi de Bine (@asociatiazdb) pentru a lua parte \u00een probele digitale ale antrenamentului. 2. Pentru probele sportive, participan\u021bii trebuie s\u0103 \u00ee\u0219i creeze un cont pe aplica\u021bia Strava cu numele \u015fi prenumele reale \u0219i s\u0103 adere la grupul \u0219colii din care face...","protected":false},"author":2,"featured_media":0,"parent":0,"menu_order":0,"comment_status":"closed","ping_status":"closed","template":"","meta":[],"_links":{"self":[{"href":"https:\/\/www.zidebine.ro\/poftadesanatate\/wp-json\/wp\/v2\/pages\/23"}],"collection":[{"href":"https:\/\/www.zidebine.ro\/poftadesanatate\/wp-json\/wp\/v2\/pages"}],"about":[{"href":"https:\/\/www.zidebine.ro\/poftadesanatate\/wp-json\/wp\/v2\/types\/page"}],"author":[{"embeddable":true,"href":"https:\/\/www.zidebine.ro\/poftadesanatate\/wp-json\/wp\/v2\/users\/2"}],"replies":[{"embeddable":true,"href":"https:\/\/www.zidebine.ro\/poftadesanatate\/wp-json\/wp\/v2\/comments?post=23"}],"version-history":[{"count":27,"href":"https:\/\/www.zidebine.ro\/poftadesanatate\/wp-json\/wp\/v2\/pages\/23\/revisions"}],"predecessor-version":[{"id":402,"href":"https:\/\/www.zidebine.ro\/poftadesanatate\/wp-json\/wp\/v2\/pages\/23\/revisions\/402"}],"wp:attachment":[{"href":"https:\/\/www.zidebine.ro\/poftadesanatate\/wp-json\/wp\/v2\/media?parent=23"}],"curies":[{"name":"wp","href":"https:\/\/api.w.org\/{rel}","templated":true}]}}