{"id":19,"date":"2023-04-17T18:30:19","date_gmt":"2023-04-17T15:30:19","guid":{"rendered":"https:\/\/www.zidebine.ro\/poftadesanatate\/?page_id=19"},"modified":"2023-04-21T17:58:44","modified_gmt":"2023-04-21T14:58:44","slug":"specialistii-proiectului","status":"publish","type":"page","link":"https:\/\/www.zidebine.ro\/poftadesanatate\/specialistii-proiectului\/","title":{"rendered":"Speciali\u0219tii proiectului"},"content":{"rendered":"<section class=\"l-section wpb_row height_huge with_img\"><div class=\"l-section-img\" data-img-width=\"1920\" data-img-height=\"1013\" style=\"background-image: url(https:\/\/www.zidebine.ro\/poftadesanatate\/wp-content\/uploads\/2023\/04\/header_specialisti.jpg);background-repeat: no-repeat;\"><\/div><div class=\"l-section-overlay\" style=\"background:rgba(0,0,0,0.65)\"><\/div><div class=\"l-section-h i-cf\"><div class=\"g-cols vc_row via_flex valign_top type_default stacking_default\"><div class=\"vc_col-sm-12 wpb_column vc_column_container\"><div class=\"vc_column-inner\"><div class=\"wpb_wrapper\"><div class=\"wpb_text_column us_custom_d44d8758 has_text_color\"><div class=\"wpb_wrapper\"><h1>Speciali\u0219tii proiectului<\/h1>\n<\/div><\/div><\/div><\/div><\/div><\/div><\/div><\/section><section class=\"l-section wpb_row us_custom_a89eda7d height_large\"><div class=\"l-section-h i-cf\"><div class=\"g-cols vc_row via_flex valign_top type_default stacking_default\"><div class=\"vc_col-sm-3 wpb_column vc_column_container\"><div class=\"vc_column-inner\"><div class=\"wpb_wrapper\"><div class=\"w-image us_custom_c8c11fae specialistpic align_center\"><div class=\"w-image-h\"><img width=\"591\" height=\"591\" src=\"https:\/\/www.zidebine.ro\/poftadesanatate\/wp-content\/uploads\/2023\/04\/specialist1.jpg\" class=\"attachment-large size-large\" alt=\"\" decoding=\"async\" loading=\"lazy\" \/><\/div><\/div><\/div><\/div><\/div><div class=\"vc_col-sm-9 wpb_column vc_column_container\"><div class=\"vc_column-inner\"><div class=\"wpb_wrapper\"><div class=\"wpb_text_column\"><div class=\"wpb_wrapper\"><h6>Chef Liviu Lambrino<\/h6>\n<p>Chef Liviu Lambrino este un buc\u0103tar cu experien\u021b\u0103 \u00een gastronomia de \u00eenalt\u0103, restaurante, fine dining \u0219i diferite proiecte TV \u0219i media.<\/p>\n<p>Trainer \u0219i formator pentru buc\u0103tarii profesioni\u0219ti, cu peste 10 ani \u00een industrie, \u0219i-a construit o reputa\u021bie pentru creativitate, aten\u021bia la detalii \u0219i pasiunea pentru m\u00e2ncare.<\/p>\n<\/div><\/div><\/div><\/div><\/div><\/div><\/div><\/section><section class=\"l-section wpb_row us_custom_a89eda7d height_large\"><div class=\"l-section-h i-cf\"><div class=\"g-cols vc_row via_flex valign_top type_default reversed stacking_default\"><div class=\"vc_col-sm-9 wpb_column vc_column_container\"><div class=\"vc_column-inner\"><div class=\"wpb_wrapper\"><div class=\"wpb_text_column\"><div class=\"wpb_wrapper\"><h6>Doctor Nutri\u021bionist Diana Voican<\/h6>\n<p>Sunt Diana Voican, sunt medic pediatru, absolvent\u0103 a Universit\u0103\u021bii de Medicin\u0103 \u0219i Farmacie Carol Davila, Bucure\u0219ti \u0219i am profesat ca medic cu aceast\u0103 specializare \u00een spitale din Bucure\u0219ti din 1989 p\u00e2n\u0103 \u00een urma cu 10 ani. Din 2017 m-am specializat \u00een Nutri\u021bie \u0219i Nutri\u021bie pediatric\u0103 \u0219i sunt directorul medical al programului de educa\u021bie nutri\u021bional\u0103 pentru copii S\u0103n\u0103tos de mic. \u00cen paralel \u00eemi desf\u0103\u0219or activitatea de consultan\u021b\u0103 \u00een nutri\u021bie \u00een cabinetul meu personal \u0219i colaborez cu diferite asocia\u021bii \u0219i firme \u00een programe de nutri\u021bie, workshop-uri, conferin\u021be.<\/p>\n<p>Sunt mesagerul unui stil de via\u021b\u0103 s\u0103n\u0103tos care, pe l\u00e2ng\u0103 alimenta\u021bie, promoveaz\u0103 \u0219i activitatea fizic\u0103 \u0219i comportamentele s\u0103n\u0103toase.<\/p>\n<\/div><\/div><\/div><\/div><\/div><div class=\"vc_col-sm-3 wpb_column vc_column_container\"><div class=\"vc_column-inner\"><div class=\"wpb_wrapper\"><div class=\"w-image us_custom_c8c11fae specialistpic align_center\"><div class=\"w-image-h\"><img width=\"591\" height=\"591\" src=\"https:\/\/www.zidebine.ro\/poftadesanatate\/wp-content\/uploads\/2023\/04\/specialist4.jpg\" class=\"attachment-large size-large\" alt=\"\" decoding=\"async\" loading=\"lazy\" \/><\/div><\/div><\/div><\/div><\/div><\/div><\/div><\/section><section class=\"l-section wpb_row us_custom_a89eda7d height_large\"><div class=\"l-section-h i-cf\"><div class=\"g-cols vc_row via_flex valign_top type_default stacking_default\"><div class=\"vc_col-sm-3 wpb_column vc_column_container\"><div class=\"vc_column-inner\"><div class=\"wpb_wrapper\"><div class=\"w-image us_custom_c8c11fae specialistpic align_center\"><div class=\"w-image-h\"><img width=\"591\" height=\"591\" src=\"https:\/\/www.zidebine.ro\/poftadesanatate\/wp-content\/uploads\/2023\/04\/specialist3.jpg\" class=\"attachment-large size-large\" alt=\"\" decoding=\"async\" loading=\"lazy\" \/><\/div><\/div><\/div><\/div><\/div><div class=\"vc_col-sm-9 wpb_column vc_column_container\"><div class=\"vc_column-inner\"><div class=\"wpb_wrapper\"><div class=\"wpb_text_column\"><div class=\"wpb_wrapper\"><h6>Radu Restivan<\/h6>\n<p>Radu Restivan este fondatorul comunit\u0103\u021bii de alergare 321sport #RunningCulture, care, din 2015 p\u00e2n\u0103 \u00een prezent, a reunit peste 20.000 de alerg\u0103tori amatori \u0219i profesioni\u0219ti \u00een cele peste 500 de alerg\u0103ri organizate s\u0103pt\u0103m\u00e2nal. \u0218tie c\u0103 sportul nu \u00eenseamn\u0103 doar efort \u0219i caut\u0103 s\u0103 creeze rela\u021bii pe termen lung cu oamenii pe care \u00eei antreneaz\u0103. \u0218i pentru c\u0103 a reu\u0219it s\u0103-\u0219i schimbe radical via\u021ba prin sport, a decis c\u0103 cel mai frumos lucru pe care l-ar putea face ar fi s\u0103-i inspire \u0219i s\u0103-i ajute pe cei din jur s\u0103 fac\u0103 acela\u0219i lucru.<\/p>\n<p>Pe l\u00e2ng\u0103 specializ\u0103rile sportive (absolvent al \u0218colii Na\u021bionale de Antrenori &#8211; Atletism, dar \u0219i Golden Level Indoor Cycling), \u00een via\u021ba de birou este \u0219i Managing Partner @ The Sports Architects, lucr\u00e2nd \u00een industria sportului \u00eencep\u00e2nd cu 2007: \u00eent\u00e2i \u00een presa sportiv\u0103 (print, digital, TV), apoi exclusiv pe proiecte de marketing sportiv.<\/p>\n<\/div><\/div><\/div><\/div><\/div><\/div><\/div><\/section><section class=\"l-section wpb_row us_custom_1db1001a height_large\"><div class=\"l-section-h i-cf\"><div class=\"g-cols vc_row via_flex valign_top type_default reversed stacking_default\"><div class=\"vc_col-sm-9 wpb_column vc_column_container\"><div class=\"vc_column-inner\"><div class=\"wpb_wrapper\"><div class=\"wpb_text_column\"><div class=\"wpb_wrapper\"><h6>Psihoterapeut Ancu\u021ba Coman-Boldi\u0219teanu<\/h6>\n<p>Ancu\u021ba Coman-Boldi\u0219teanu este psihoterapeut autonom \u0219i fondator al proiectului \u201cEmo\u021bii \u00een farfurie\u201d, cu o experien\u021b\u0103 de peste 7 ani \u00een lucrul cu persoanele care se confrunt\u0103 cu provoc\u0103ri legate de propriul corp \u0219i de rela\u021bia cu m\u00e2ncarea \u00een programe, grupuri de sus\u021binere, terapie individual\u0103, de familie \u0219i de cuplu. A pornit \u00een aceast\u0103 c\u0103l\u0103torie, dup\u0103 ce personal, a trecut prin provoc\u0103ri legate de rela\u021bia cu m\u00e2ncarea.<\/p>\n<p>Consider\u0103 c\u0103 orice schimbare \u00eencepe din interior spre exterior, din disponibilitatea noastr\u0103 de a ne cunoa\u0219te ca fiin\u021be emo\u021bionale \u0219i de a lucra cu noi, acestea fiind \u0219i unele dintre principiile pe care se bazeaz\u0103 \u00een munca sa cu clien\u021bii.<\/p>\n<\/div><\/div><\/div><\/div><\/div><div class=\"vc_col-sm-3 wpb_column vc_column_container\"><div class=\"vc_column-inner\"><div class=\"wpb_wrapper\"><div class=\"w-image us_custom_c8c11fae specialistpic align_center\"><div class=\"w-image-h\"><img width=\"591\" height=\"591\" src=\"https:\/\/www.zidebine.ro\/poftadesanatate\/wp-content\/uploads\/2023\/04\/specialist2.jpg\" class=\"attachment-large size-large\" alt=\"\" decoding=\"async\" loading=\"lazy\" \/><\/div><\/div><\/div><\/div><\/div><\/div><\/div><\/section>\n","protected":false},"excerpt":{"rendered":"Speciali\u0219tii proiectului Chef Liviu Lambrino Chef Liviu Lambrino este un buc\u0103tar cu experien\u021b\u0103 \u00een gastronomia de \u00eenalt\u0103, restaurante, fine dining \u0219i diferite proiecte TV \u0219i media. Trainer \u0219i formator pentru buc\u0103tarii profesioni\u0219ti, cu peste 10 ani \u00een industrie, \u0219i-a construit o reputa\u021bie pentru creativitate, aten\u021bia la detalii \u0219i pasiunea pentru m\u00e2ncare. Doctor Nutri\u021bionist Diana Voican...","protected":false},"author":2,"featured_media":0,"parent":0,"menu_order":0,"comment_status":"closed","ping_status":"closed","template":"","meta":[],"_links":{"self":[{"href":"https:\/\/www.zidebine.ro\/poftadesanatate\/wp-json\/wp\/v2\/pages\/19"}],"collection":[{"href":"https:\/\/www.zidebine.ro\/poftadesanatate\/wp-json\/wp\/v2\/pages"}],"about":[{"href":"https:\/\/www.zidebine.ro\/poftadesanatate\/wp-json\/wp\/v2\/types\/page"}],"author":[{"embeddable":true,"href":"https:\/\/www.zidebine.ro\/poftadesanatate\/wp-json\/wp\/v2\/users\/2"}],"replies":[{"embeddable":true,"href":"https:\/\/www.zidebine.ro\/poftadesanatate\/wp-json\/wp\/v2\/comments?post=19"}],"version-history":[{"count":24,"href":"https:\/\/www.zidebine.ro\/poftadesanatate\/wp-json\/wp\/v2\/pages\/19\/revisions"}],"predecessor-version":[{"id":326,"href":"https:\/\/www.zidebine.ro\/poftadesanatate\/wp-json\/wp\/v2\/pages\/19\/revisions\/326"}],"wp:attachment":[{"href":"https:\/\/www.zidebine.ro\/poftadesanatate\/wp-json\/wp\/v2\/media?parent=19"}],"curies":[{"name":"wp","href":"https:\/\/api.w.org\/{rel}","templated":true}]}}