{"id":15,"date":"2023-04-17T18:27:12","date_gmt":"2023-04-17T15:27:12","guid":{"rendered":"https:\/\/www.zidebine.ro\/poftadesanatate\/?page_id=15"},"modified":"2023-04-22T00:29:07","modified_gmt":"2023-04-21T21:29:07","slug":"pofta-de-sanatate-antrenament-pentru-starea-de-bine","status":"publish","type":"page","link":"https:\/\/www.zidebine.ro\/poftadesanatate\/","title":{"rendered":"Poft\u0103 de s\u0103n\u0103tate &#8211; Antrenament pentru starea de bine"},"content":{"rendered":"<section class=\"l-section wpb_row height_large width_custom\" style=\"--site-content-width:1320px;\"><div class=\"l-section-h i-cf\"><div class=\"g-cols vc_row via_flex valign_top type_default stacking_default\"><div class=\"vc_col-sm-6 wpb_column vc_column_container\"><div class=\"vc_column-inner\"><div class=\"wpb_wrapper\"><div class=\"w-image align_center\"><div class=\"w-image-h\"><img width=\"954\" height=\"679\" src=\"https:\/\/www.zidebine.ro\/poftadesanatate\/wp-content\/uploads\/2023\/04\/slide1.png\" class=\"attachment-full size-full\" alt=\"\" decoding=\"async\" loading=\"lazy\" srcset=\"https:\/\/www.zidebine.ro\/poftadesanatate\/wp-content\/uploads\/2023\/04\/slide1.png 954w, https:\/\/www.zidebine.ro\/poftadesanatate\/wp-content\/uploads\/2023\/04\/slide1-900x641.png 900w\" sizes=\"(max-width: 954px) 100vw, 954px\" \/><\/div><\/div><\/div><\/div><\/div><div class=\"vc_col-sm-6 wpb_column vc_column_container\"><div class=\"vc_column-inner\"><div class=\"wpb_wrapper\"><div class=\"w-image align_center\"><div class=\"w-image-h\"><img width=\"745\" height=\"452\" src=\"https:\/\/www.zidebine.ro\/poftadesanatate\/wp-content\/uploads\/2023\/04\/slide2.png\" class=\"attachment-large size-large\" alt=\"\" decoding=\"async\" loading=\"lazy\" \/><\/div><\/div><div class=\"w-hwrapper us_custom_cdf14ffd align_center valign_bottom\" style=\"--hwrapper-gap:1.5rem\"><div class=\"w-image align_center\"><a target=\"_blank\" href=\"https:\/\/www.zidebine.ro\/\" rel=\"noopener\" aria-label=\"Leg\u0103tur\u0103\" class=\"w-image-h\"><img width=\"75\" height=\"60\" src=\"https:\/\/www.zidebine.ro\/poftadesanatate\/wp-content\/uploads\/2023\/04\/logo_1.png\" class=\"attachment-large size-large\" alt=\"\" decoding=\"async\" loading=\"lazy\" \/><\/a><\/div><div class=\"w-image align_center\"><a target=\"_blank\" href=\"https:\/\/www.edenred.ro\/\" rel=\"noopener\" aria-label=\"Leg\u0103tur\u0103\" class=\"w-image-h\"><img width=\"81\" height=\"49\" src=\"https:\/\/www.zidebine.ro\/poftadesanatate\/wp-content\/uploads\/2023\/04\/logo_2.png\" class=\"attachment-large size-large\" alt=\"\" decoding=\"async\" loading=\"lazy\" \/><\/a><\/div><div class=\"w-image align_center\"><a target=\"_blank\" href=\"https:\/\/www.edenred.ro\/ro\/food\" rel=\"noopener\" aria-label=\"Leg\u0103tur\u0103\" class=\"w-image-h\"><img width=\"109\" height=\"35\" src=\"https:\/\/www.zidebine.ro\/poftadesanatate\/wp-content\/uploads\/2023\/04\/logo_3.png\" class=\"attachment-large size-large\" alt=\"\" decoding=\"async\" loading=\"lazy\" \/><\/a><\/div><\/div><\/div><\/div><\/div><\/div><\/div><\/section><!-- Row Backgrounds --><div class=\"upb_color\" data-bg-override=\"0\" data-bg-color=\"#e4f8ff\" data-fadeout=\"\" data-fadeout-percentage=\"30\" data-parallax-content=\"\" data-parallax-content-sense=\"30\" data-row-effect-mobile-disable=\"true\" data-img-parallax-mobile-disable=\"true\" data-rtl=\"false\"  data-custom-vc-row=\"\"  data-vc=\"6.10.0\"  data-is_old_vc=\"\"  data-theme-support=\"\"   data-overlay=\"false\" data-overlay-color=\"\" data-overlay-pattern=\"\" data-overlay-pattern-opacity=\"\" data-overlay-pattern-size=\"\"    ><\/div><section class=\"l-section wpb_row us_custom_d9580ef9 height_large\"><div class=\"l-section-h i-cf\"><div class=\"g-cols vc_row via_flex valign_middle type_default reversed stacking_default\"><div class=\"vc_col-sm-8 wpb_column vc_column_container\"><div class=\"vc_column-inner\"><div class=\"wpb_wrapper\"><div class=\"wpb_text_column us_custom_e3ef3f8c\"><div class=\"wpb_wrapper\"><p><strong>Poft\u0103 de S\u0102N\u0102TATE \u2013 Antrenament pentru stare de bine<\/strong> este o competi\u021bie interactiv\u0103 \u0219i nonformal\u0103 pentru cinci licee din Bucure\u0219ti, prin care elevii claselor 9-11 \u00eenva\u021b\u0103 despre alimenta\u021bie s\u0103n\u0103toas\u0103 \u0219i crearea de farfurii personalizate, despre mi\u0219care \u0219i sport, precum \u0219i despre educa\u021bie emo\u021bional\u0103, pentru a pune c\u0103r\u0103mizile unei vie\u021bi s\u0103n\u0103toase \u0219i echilibrate. Scopul competi\u021biei este de a aduce \u00een prim plan nevoia de conectare la noi \u00een\u0219ine \u0219i importan\u021ba cre\u0103rii de obiceiuri s\u0103n\u0103toase ca baz\u0103 pentru o via\u021b\u0103 fericit\u0103.<\/p>\n<\/div><\/div><div class=\"w-separator size_custom\" style=\"height:1.5rem\"><\/div><div class=\"w-btn-wrapper default_align_left laptops_align_left tablets_align_center mobiles_align_center\"><a class=\"w-btn us-btn-style_2\" href=\"https:\/\/www.zidebine.ro\/poftadesanatate\/despre-proiect\/\"><span class=\"w-btn-label\">Despre proiect<\/span><\/a><\/div><\/div><\/div><\/div><div class=\"vc_col-sm-4 wpb_column vc_column_container\"><div class=\"vc_column-inner\"><div class=\"wpb_wrapper\"><div class=\"w-image align_center\"><div class=\"w-image-h\"><img width=\"300\" height=\"280\" src=\"https:\/\/www.zidebine.ro\/poftadesanatate\/wp-content\/uploads\/2023\/04\/sanatos1.png\" class=\"attachment-large size-large\" alt=\"\" decoding=\"async\" loading=\"lazy\" \/><\/div><\/div><\/div><\/div><\/div><\/div><\/div><\/section><!-- Row Backgrounds --><div class=\"upb_color\" data-bg-override=\"0\" data-bg-color=\"#edf9d7\" data-fadeout=\"\" data-fadeout-percentage=\"30\" data-parallax-content=\"\" data-parallax-content-sense=\"30\" data-row-effect-mobile-disable=\"true\" data-img-parallax-mobile-disable=\"true\" data-rtl=\"false\"  data-custom-vc-row=\"\"  data-vc=\"6.10.0\"  data-is_old_vc=\"\"  data-theme-support=\"\"   data-overlay=\"false\" data-overlay-color=\"\" data-overlay-pattern=\"\" data-overlay-pattern-opacity=\"\" data-overlay-pattern-size=\"\"    ><\/div><section class=\"l-section wpb_row us_custom_d9580ef9 height_large width_custom\" style=\"--site-content-width:1320px;\"><div class=\"l-section-h i-cf\"><div class=\"g-cols vc_row via_flex valign_top type_default stacking_default\"><div class=\"vc_col-sm-12 wpb_column vc_column_container\"><div class=\"vc_column-inner\"><div class=\"wpb_wrapper\"><div class=\"wpb_text_column us_custom_eb849559\"><div class=\"wpb_wrapper\"><h2>Speciali\u0219tii proiectului<\/h2>\n<\/div><\/div><div class=\"w-separator size_custom\" style=\"height:3rem\"><\/div><div class=\"g-cols wpb_row via_flex valign_top type_default stacking_default\"><div class=\"vc_col-sm-3 wpb_column vc_column_container\"><div class=\"vc_column-inner\"><div class=\"wpb_wrapper\"><div class=\"w-image us_custom_c8c11fae specialistpic align_center\"><div class=\"w-image-h\"><img width=\"591\" height=\"591\" src=\"https:\/\/www.zidebine.ro\/poftadesanatate\/wp-content\/uploads\/2023\/04\/specialist1.jpg\" class=\"attachment-large size-large\" alt=\"\" decoding=\"async\" loading=\"lazy\" \/><\/div><\/div><div class=\"wpb_text_column us_custom_d4d3ed32 has_text_color\"><div class=\"wpb_wrapper\"><p>Chef<br \/>\nLiviu Lambrino<\/p>\n<\/div><\/div><div class=\"wpb_text_column us_custom_607e400b has_text_color\"><div class=\"wpb_wrapper\"><p>cooking<\/p>\n<\/div><\/div><div class=\"w-separator size_custom\" style=\"height:0\" id=\"pfbf\"><style>@media(max-width:1024px){ #pfbf{height:2rem!important}}@media(max-width:600px){ #pfbf{height:2rem!important}}<\/style><\/div><\/div><\/div><\/div><div class=\"vc_col-sm-3 wpb_column vc_column_container\"><div class=\"vc_column-inner\"><div class=\"wpb_wrapper\"><div class=\"w-image us_custom_c8c11fae specialistpic align_center\"><div class=\"w-image-h\"><img width=\"591\" height=\"591\" src=\"https:\/\/www.zidebine.ro\/poftadesanatate\/wp-content\/uploads\/2023\/04\/specialist2.jpg\" class=\"attachment-large size-large\" alt=\"\" decoding=\"async\" loading=\"lazy\" \/><\/div><\/div><div class=\"wpb_text_column us_custom_d4d3ed32 has_text_color\"><div class=\"wpb_wrapper\"><p>Psiholog<br \/>\nAncu\u021ba Coman-Boldi\u0219teanu<\/p>\n<\/div><\/div><div class=\"wpb_text_column us_custom_607e400b has_text_color\"><div class=\"wpb_wrapper\"><p>educa\u021bie emo\u021bional\u0103<\/p>\n<\/div><\/div><div class=\"w-separator size_custom\" style=\"height:0\" id=\"y3f7\"><style>@media(max-width:1024px){ #y3f7{height:2rem!important}}@media(max-width:600px){ #y3f7{height:2rem!important}}<\/style><\/div><\/div><\/div><\/div><div class=\"vc_col-sm-3 wpb_column vc_column_container\"><div class=\"vc_column-inner\"><div class=\"wpb_wrapper\"><div class=\"w-image us_custom_c8c11fae specialistpic align_center\"><div class=\"w-image-h\"><img width=\"591\" height=\"591\" src=\"https:\/\/www.zidebine.ro\/poftadesanatate\/wp-content\/uploads\/2023\/04\/specialist3.jpg\" class=\"attachment-large size-large\" alt=\"\" decoding=\"async\" loading=\"lazy\" \/><\/div><\/div><div class=\"wpb_text_column us_custom_d4d3ed32 has_text_color\"><div class=\"wpb_wrapper\"><p>Antrenor<br \/>\nRadu Restivan<\/p>\n<\/div><\/div><div class=\"wpb_text_column us_custom_607e400b has_text_color\"><div class=\"wpb_wrapper\"><p>mi\u0219care<\/p>\n<\/div><\/div><div class=\"w-separator size_custom\" style=\"height:0\" id=\"b8a0\"><style>@media(max-width:1024px){ #b8a0{height:2rem!important}}@media(max-width:600px){ #b8a0{height:2rem!important}}<\/style><\/div><\/div><\/div><\/div><div class=\"vc_col-sm-3 wpb_column vc_column_container\"><div class=\"vc_column-inner\"><div class=\"wpb_wrapper\"><div class=\"w-image us_custom_c8c11fae specialistpic align_center\"><div class=\"w-image-h\"><img width=\"591\" height=\"591\" src=\"https:\/\/www.zidebine.ro\/poftadesanatate\/wp-content\/uploads\/2023\/04\/specialist4.jpg\" class=\"attachment-large size-large\" alt=\"\" decoding=\"async\" loading=\"lazy\" \/><\/div><\/div><div class=\"wpb_text_column us_custom_d4d3ed32 has_text_color\"><div class=\"wpb_wrapper\"><p>Dr. Nutri\u021bionist<br \/>\nDiana Voican<\/p>\n<\/div><\/div><div class=\"wpb_text_column us_custom_607e400b has_text_color\"><div class=\"wpb_wrapper\"><p>nutri\u021bie<\/p>\n<\/div><\/div><div class=\"w-separator size_custom\" style=\"height:0\" id=\"vd9b\"><style>@media(max-width:1024px){ #vd9b{height:2rem!important}}@media(max-width:600px){ #vd9b{height:2rem!important}}<\/style><\/div><\/div><\/div><\/div><\/div><\/div><\/div><\/div><\/div><\/div><\/section><section class=\"l-section wpb_row us_custom_d9580ef9 height_large\"><div class=\"l-section-h i-cf\"><div class=\"g-cols vc_row via_flex valign_middle type_default stacking_default\"><div class=\"vc_col-sm-6 wpb_column vc_column_container\"><div class=\"vc_column-inner\"><div class=\"wpb_wrapper\"><div class=\"wpb_text_column us_custom_eb849559\"><div class=\"wpb_wrapper\"><h4>Premiul cel mare &#8211; Dotarea \u0219colii cu materiale \u0219i echipamente \u00een valoare de maximum 30.000 de euro.<\/h4>\n<\/div><\/div><\/div><\/div><\/div><div class=\"vc_col-sm-6 wpb_column vc_column_container\"><div class=\"vc_column-inner\"><div class=\"wpb_wrapper\"><div class=\"w-grid us_custom_6695c8aa rectanglepic type_carousel layout_382\" id=\"us_grid_1\"><style>.layout_382 .w-grid-item-h{}<\/style><div class=\"w-grid-list owl-carousel navstyle_circle navpos_outside\">\t<article class=\"w-grid-item post-376 attachment type-attachment status-inherit hentry\" data-id=\"376\">\r\n\t\t<div class=\"w-grid-item-h\">\r\n\t\t\t\t\t\t<div class=\"w-post-elm post_image usg_post_image_1 stretched\"><a href=\"https:\/\/www.zidebine.ro\/poftadesanatate\/pofta-de-sanatate-antrenament-pentru-starea-de-bine\/attachment\/premii1\/\" aria-label=\"premii1\"><img width=\"900\" height=\"500\" src=\"https:\/\/www.zidebine.ro\/poftadesanatate\/wp-content\/uploads\/2023\/04\/premii1.jpg\" class=\"attachment-large size-large\" alt=\"\" decoding=\"async\" loading=\"lazy\" \/><\/a><\/div>\t\t<\/div>\r\n\t<\/article>\r\n\t<article class=\"w-grid-item post-377 attachment type-attachment status-inherit hentry\" data-id=\"377\">\r\n\t\t<div class=\"w-grid-item-h\">\r\n\t\t\t\t\t\t<div class=\"w-post-elm post_image usg_post_image_1 stretched\"><a href=\"https:\/\/www.zidebine.ro\/poftadesanatate\/pofta-de-sanatate-antrenament-pentru-starea-de-bine\/attachment\/premii2\/\" aria-label=\"premii2\"><img width=\"900\" height=\"500\" src=\"https:\/\/www.zidebine.ro\/poftadesanatate\/wp-content\/uploads\/2023\/04\/premii2.jpg\" class=\"attachment-large size-large\" alt=\"\" decoding=\"async\" loading=\"lazy\" \/><\/a><\/div>\t\t<\/div>\r\n\t<\/article>\r\n\t<article class=\"w-grid-item post-378 attachment type-attachment status-inherit hentry\" data-id=\"378\">\r\n\t\t<div class=\"w-grid-item-h\">\r\n\t\t\t\t\t\t<div class=\"w-post-elm post_image usg_post_image_1 stretched\"><a href=\"https:\/\/www.zidebine.ro\/poftadesanatate\/pofta-de-sanatate-antrenament-pentru-starea-de-bine\/attachment\/premii3\/\" aria-label=\"premii3\"><img width=\"900\" height=\"500\" src=\"https:\/\/www.zidebine.ro\/poftadesanatate\/wp-content\/uploads\/2023\/04\/premii3.jpg\" class=\"attachment-large size-large\" alt=\"\" decoding=\"async\" loading=\"lazy\" \/><\/a><\/div>\t\t<\/div>\r\n\t<\/article>\r\n\t<article class=\"w-grid-item post-379 attachment type-attachment status-inherit hentry\" data-id=\"379\">\r\n\t\t<div class=\"w-grid-item-h\">\r\n\t\t\t\t\t\t<div class=\"w-post-elm post_image usg_post_image_1 stretched\"><a href=\"https:\/\/www.zidebine.ro\/poftadesanatate\/pofta-de-sanatate-antrenament-pentru-starea-de-bine\/attachment\/premii4\/\" aria-label=\"premii4\"><img width=\"900\" height=\"500\" src=\"https:\/\/www.zidebine.ro\/poftadesanatate\/wp-content\/uploads\/2023\/04\/premii4.jpg\" class=\"attachment-large size-large\" alt=\"\" decoding=\"async\" loading=\"lazy\" \/><\/a><\/div>\t\t<\/div>\r\n\t<\/article>\r\n\t<article class=\"w-grid-item post-380 attachment type-attachment status-inherit hentry\" data-id=\"380\">\r\n\t\t<div class=\"w-grid-item-h\">\r\n\t\t\t\t\t\t<div class=\"w-post-elm post_image usg_post_image_1 stretched\"><a href=\"https:\/\/www.zidebine.ro\/poftadesanatate\/pofta-de-sanatate-antrenament-pentru-starea-de-bine\/attachment\/premii5\/\" aria-label=\"premii5\"><img width=\"900\" height=\"500\" src=\"https:\/\/www.zidebine.ro\/poftadesanatate\/wp-content\/uploads\/2023\/04\/premii5.jpg\" class=\"attachment-large size-large\" alt=\"\" decoding=\"async\" loading=\"lazy\" \/><\/a><\/div>\t\t<\/div>\r\n\t<\/article>\r\n<\/div><div class=\"g-preloader type_1\">\r\n\t<div><\/div>\r\n<\/div>\r\n\t<div class=\"w-grid-json hidden\" onclick='return {&quot;action&quot;:&quot;us_ajax_grid&quot;,&quot;ajax_url&quot;:&quot;https:\\\/\\\/www.zidebine.ro\\\/poftadesanatate\\\/wp-admin\\\/admin-ajax.php&quot;,&quot;infinite_scroll&quot;:0,&quot;max_num_pages&quot;:1,&quot;pagination&quot;:&quot;none&quot;,&quot;permalink_url&quot;:&quot;https:\\\/\\\/www.zidebine.ro\\\/poftadesanatate\\\/wp-json\\\/wp\\\/v2\\\/pages\\\/15&quot;,&quot;template_vars&quot;:{&quot;columns&quot;:&quot;1&quot;,&quot;exclude_items&quot;:&quot;none&quot;,&quot;img_size&quot;:&quot;default&quot;,&quot;ignore_items_size&quot;:0,&quot;items_layout&quot;:&quot;382&quot;,&quot;items_offset&quot;:&quot;1&quot;,&quot;load_animation&quot;:&quot;none&quot;,&quot;overriding_link&quot;:&quot;none&quot;,&quot;post_id&quot;:0,&quot;query_args&quot;:{&quot;post_type&quot;:[&quot;attachment&quot;],&quot;post__in&quot;:[&quot;376&quot;,&quot;377&quot;,&quot;378&quot;,&quot;379&quot;,&quot;380&quot;],&quot;post_status&quot;:&quot;inherit&quot;,&quot;post_mime_type&quot;:&quot;image&quot;,&quot;posts_per_page&quot;:&quot;10&quot;},&quot;orderby_query_args&quot;:{&quot;orderby&quot;:{&quot;post__in&quot;:&quot;ASC&quot;},&quot;order&quot;:&quot;ASC&quot;},&quot;type&quot;:&quot;carousel&quot;,&quot;us_grid_ajax_index&quot;:1,&quot;us_grid_filter_params&quot;:null,&quot;us_grid_index&quot;:1,&quot;_us_grid_post_type&quot;:&quot;attachment&quot;,&quot;page_args&quot;:[]},&quot;carousel_settings&quot;:{&quot;autoHeight&quot;:0,&quot;autoplay&quot;:1,&quot;carousel_fade&quot;:0,&quot;center&quot;:0,&quot;dots&quot;:0,&quot;items&quot;:&quot;1&quot;,&quot;loop&quot;:true,&quot;nav&quot;:0,&quot;slideby&quot;:&quot;1&quot;,&quot;smooth_play&quot;:0,&quot;speed&quot;:700,&quot;timeout&quot;:2000,&quot;transition&quot;:&quot;&quot;,&quot;aria_labels&quot;:{&quot;prev&quot;:&quot;Anterior&quot;,&quot;next&quot;:&quot;Urm\\u0103tor&quot;}},&quot;carousel_breakpoints&quot;:{&quot;0&quot;:{&quot;autoHeight&quot;:0,&quot;autoplay&quot;:1,&quot;autoplayHoverPause&quot;:1,&quot;items&quot;:1,&quot;loop&quot;:true,&quot;stagePadding&quot;:0},&quot;601&quot;:{&quot;autoHeight&quot;:0,&quot;autoplay&quot;:1,&quot;autoplayHoverPause&quot;:1,&quot;items&quot;:&quot;1&quot;,&quot;loop&quot;:true,&quot;stagePadding&quot;:0},&quot;1025&quot;:{&quot;autoHeight&quot;:0,&quot;autoplay&quot;:1,&quot;autoplayHoverPause&quot;:1,&quot;items&quot;:&quot;1&quot;,&quot;loop&quot;:true,&quot;stagePadding&quot;:0},&quot;1381&quot;:{&quot;items&quot;:1,&quot;stagePadding&quot;:0}}}'><\/div>\r\n\t<\/div><\/div><\/div><\/div><\/div><\/div><\/section><!-- Row Backgrounds --><div class=\"upb_color\" data-bg-override=\"0\" data-bg-color=\"#e4f8ff\" data-fadeout=\"\" data-fadeout-percentage=\"30\" data-parallax-content=\"\" data-parallax-content-sense=\"30\" data-row-effect-mobile-disable=\"true\" data-img-parallax-mobile-disable=\"true\" data-rtl=\"false\"  data-custom-vc-row=\"\"  data-vc=\"6.10.0\"  data-is_old_vc=\"\"  data-theme-support=\"\"   data-overlay=\"false\" data-overlay-color=\"\" data-overlay-pattern=\"\" data-overlay-pattern-opacity=\"\" data-overlay-pattern-size=\"\"    ><\/div>\n","protected":false},"excerpt":{"rendered":"","protected":false},"author":2,"featured_media":0,"parent":0,"menu_order":0,"comment_status":"closed","ping_status":"closed","template":"","meta":[],"_links":{"self":[{"href":"https:\/\/www.zidebine.ro\/poftadesanatate\/wp-json\/wp\/v2\/pages\/15"}],"collection":[{"href":"https:\/\/www.zidebine.ro\/poftadesanatate\/wp-json\/wp\/v2\/pages"}],"about":[{"href":"https:\/\/www.zidebine.ro\/poftadesanatate\/wp-json\/wp\/v2\/types\/page"}],"author":[{"embeddable":true,"href":"https:\/\/www.zidebine.ro\/poftadesanatate\/wp-json\/wp\/v2\/users\/2"}],"replies":[{"embeddable":true,"href":"https:\/\/www.zidebine.ro\/poftadesanatate\/wp-json\/wp\/v2\/comments?post=15"}],"version-history":[{"count":79,"href":"https:\/\/www.zidebine.ro\/poftadesanatate\/wp-json\/wp\/v2\/pages\/15\/revisions"}],"predecessor-version":[{"id":393,"href":"https:\/\/www.zidebine.ro\/poftadesanatate\/wp-json\/wp\/v2\/pages\/15\/revisions\/393"}],"wp:attachment":[{"href":"https:\/\/www.zidebine.ro\/poftadesanatate\/wp-json\/wp\/v2\/media?parent=15"}],"curies":[{"name":"wp","href":"https:\/\/api.w.org\/{rel}","templated":true}]}}